{"id":369,"date":"2020-12-13T23:53:03","date_gmt":"2020-12-14T02:53:03","guid":{"rendered":"https:\/\/codigoarte.com.ar\/?page_id=369"},"modified":"2024-02-13T09:51:43","modified_gmt":"2024-02-13T12:51:43","slug":"contacto","status":"publish","type":"page","link":"https:\/\/codigoarte.com.ar\/?page_id=369","title":{"rendered":"Contacto"},"content":{"rendered":"\n<iframe loading=\"lazy\" src=\"https:\/\/www.google.com\/maps\/embed?pb=!1m18!1m12!1m3!1d3279.9062101465165!2d-58.40016398516123!3d-34.707545480432714!2m3!1f0!2f0!3f0!3m2!1i1024!2i768!4f13.1!3m3!1m2!1s0x95bccd1924e1d5f1%3A0xfdcfb641d421dd0f!2s25%20de%20Mayo%20453%2C%20B1824NMZ%20Lan%C3%BAs%20Oeste%2C%20Provincia%20de%20Buenos%20Aires!5e0!3m2!1ses!2sar!4v1608597624811!5m2!1ses!2sar\" width=\"800\" height=\"300\" frameborder=\"0\" style=\"border:0;\" allowfullscreen=\"\" aria-hidden=\"false\" tabindex=\"0\"><\/iframe>\n\n\n\n<p><strong>Direcci\u00f3n: <\/strong>Av. 25 de Mayo 453, Lan\u00fas Oeste<br><strong>Horario de Atenci\u00f3n: <\/strong><br>Lunes a Viernes:  9 a 13 hs y de 14 a 19 hs<br>S\u00e1bados: 9 a 13 hs <br><strong>Email:<\/strong> <a rel=\"noreferrer noopener\" href=\"mailto:info@codigoarte.com.ar\" target=\"_blank\">info@codigoarte.com.ar<\/a><br><br>Para consultas puedes completar el siguiente formulario, ten en cuenta que los campos son obligatorios para brindarte un buen servicio de respuesta.<\/p>\n\n\n<div class=\"leadform-show-form-1 leadform-show-form  lf-form-default leadform-lite\"><div class=\"lead-head\"><\/div>\r\n               <form action=\"\" method=\"post\" class=\"lead-form-front\" id=\"form_1\" enctype=\"multipart\/form-data\">\r\n                <h2 class=\"lfb-heading\">D\u00e9janos tu consulta<\/h2><div class=\"name-type lf-field\"><label>Nombre<\/label>\r\n        <span><input id=\"name_1\" type=\"text\" name=\"name_1\" class=\"lf-form-name\" value=\"\" required placeholder=\"Nombre\" \/>\r\n        <\/span><\/div><div class=\"text-type lf-field\"><label>Email<\/label>\r\n        <span><input id=\"email_2\" type=\"email\" class=\"lf-form-text \" name=\"email_2\" required value=\"\" placeholder=\"Email\" \/>\r\n        <\/span><\/div><div class=\"text-type lf-field\"><label>Tel\u00e9fono<\/label>\r\n        <span><input id=\"number_3\" type=\"number\" class=\"lf-form-text \" name=\"number_3\" required value=\"\" placeholder=\"Tel\u00e9fono\" \/>\r\n        <\/span><\/div><div class=\"textarea-type lf-field\"><label>Consulta<\/label>\r\n            <span><textarea id=\"message_4\" name=\"message_4\" class=\"lf-form-textarea\" value=\"Consulta\" placeholder=\"Consulta\" required><\/textarea>\r\n            <\/span><\/div><div class=\"lf-form-panel\"><div class=\"submit-type lf-field\"><label><input id=\"0\" class=\"lf-form-submit\" type=\"submit\" name=\"submit\" value=\"Enviar\"\/>\r\n                <\/label><\/div><\/div>\r\n                <div class=\"captcha-field-area\" id=\"captcha-field-area\"><\/div>\r\n                <input type=\"hidden\" class=\"hidden_field\" name=\"hidden_field\" value=\"1\"\/>\r\n\r\n                <input type=\"hidden\" class=\"hidden_field\" name=\"_wpnonce_form\" value=\"365ce1dc47\"\/>\r\n                <input type=\"hidden\" class=\"this_form_captcha_status\" value=\"disable\"\/>\r\n                <div class=\"leadform-show-loading front-loading leadform-show-message-form-1\" >\r\n                <\/div>\r\n                <div class=\"lf-loading\">\r\n                    <div class=\"spinner\" id=\"loading_image\" style=\"display: none;\" wppb-add-style=\"display:none;\">\r\n                        <div class=\"bounce1\"><\/div>\r\n                        <div class=\"bounce2\"><\/div>\r\n                        <div class=\"bounce3\"><\/div>\r\n                    <\/div>\r\n                <\/div>\r\n                <\/form><p wppb-add-style=\"display:none;\" style=\"display:none;\" redirect=\"\" class=\"successmsg_1 successmsg\">Thank You ...<\/p><\/div>\n","protected":false},"excerpt":{"rendered":"<p>Direcci\u00f3n: Av. 25 de Mayo 453, Lan\u00fas OesteHorario de Atenci\u00f3n: Lunes a Viernes: 9 a 13 hs y de 14 a 19 hsS\u00e1bados: 9 a 13 hs Email: info@codigoarte.com.ar Para consultas puedes completar el siguiente formulario, ten en cuenta que los campos son obligatorios para brindarte un buen servicio de respuesta.<\/p>\n","protected":false},"author":1,"featured_media":527,"parent":0,"menu_order":0,"comment_status":"closed","ping_status":"closed","template":"templates\/template_page-full-width.php","meta":{"_joinchat":[],"footnotes":""},"class_list":["post-369","page","type-page","status-publish","has-post-thumbnail","hentry"],"_links":{"self":[{"href":"https:\/\/codigoarte.com.ar\/index.php?rest_route=\/wp\/v2\/pages\/369","targetHints":{"allow":["GET"]}}],"collection":[{"href":"https:\/\/codigoarte.com.ar\/index.php?rest_route=\/wp\/v2\/pages"}],"about":[{"href":"https:\/\/codigoarte.com.ar\/index.php?rest_route=\/wp\/v2\/types\/page"}],"author":[{"embeddable":true,"href":"https:\/\/codigoarte.com.ar\/index.php?rest_route=\/wp\/v2\/users\/1"}],"replies":[{"embeddable":true,"href":"https:\/\/codigoarte.com.ar\/index.php?rest_route=%2Fwp%2Fv2%2Fcomments&post=369"}],"version-history":[{"count":4,"href":"https:\/\/codigoarte.com.ar\/index.php?rest_route=\/wp\/v2\/pages\/369\/revisions"}],"predecessor-version":[{"id":526,"href":"https:\/\/codigoarte.com.ar\/index.php?rest_route=\/wp\/v2\/pages\/369\/revisions\/526"}],"wp:featuredmedia":[{"embeddable":true,"href":"https:\/\/codigoarte.com.ar\/index.php?rest_route=\/wp\/v2\/media\/527"}],"wp:attachment":[{"href":"https:\/\/codigoarte.com.ar\/index.php?rest_route=%2Fwp%2Fv2%2Fmedia&parent=369"}],"curies":[{"name":"wp","href":"https:\/\/api.w.org\/{rel}","templated":true}]}}